{"id":13855,"date":"2019-06-05T15:00:25","date_gmt":"2019-06-05T13:00:25","guid":{"rendered":"http:\/\/arcus.sit.pl\/about-arcus\/"},"modified":"2019-07-30T15:37:11","modified_gmt":"2019-07-30T13:37:11","slug":"about-arcus","status":"publish","type":"page","link":"https:\/\/www.arcus.pl\/en\/about-arcus\/","title":{"rendered":"About Arcus"},"content":{"rendered":"<div class=\"wpb-content-wrapper\"><p>[vc_row][vc_column]<div class=\"codevz-page-content-element\" style=\"position:relative;z-index:1\"><div data-cz-style='.vc_custom_1557951974932{margin-right: 0px !important;margin-left: 0px !important;border-bottom-width: 2px !important;padding-top: 20px !important;padding-bottom: 20px !important;border-bottom-color: #d8d8d8 !important;border-bottom-style: solid !important;}.vc_custom_1557952002663{margin-right: 0px !important;margin-left: 0px !important;border-bottom-width: 2px !important;padding-top: 20px !important;padding-bottom: 20px !important;background-color: #f5f5f5 !important;border-bottom-color: #d8d8d8 !important;border-bottom-style: solid !important;}.vc_custom_1557951974932{margin-right: 0px !important;margin-left: 0px !important;border-bottom-width: 2px !important;padding-top: 20px !important;padding-bottom: 20px !important;border-bottom-color: #d8d8d8 !important;border-bottom-style: solid !important;}.vc_custom_1557952002663{margin-right: 0px !important;margin-left: 0px !important;border-bottom-width: 2px !important;padding-top: 20px !important;padding-bottom: 20px !important;background-color: #f5f5f5 !important;border-bottom-color: #d8d8d8 !important;border-bottom-style: solid !important;}.vc_custom_1557952486259{margin-right: 0px !important;margin-left: 0px !important;padding-top: 20px !important;padding-bottom: 20px !important;}.vc_custom_1557950103105{margin-bottom: 0px !important;}.vc_custom_1557951042297{margin-bottom: 0px !important;}.vc_custom_1557952162867{margin-bottom: 0px !important;}.vc_custom_1557952314816{margin-bottom: 0px !important;}.vc_custom_1557952428026{margin-bottom: 0px !important;}#cz_57149 .cz_title_content{margin-top:50px;margin-bottom:30px}#cz_57149 .cz_title_icon_before{font-size:1.2em;color:#002699}#cz_88882 &gt; div{position:relative;display: table;margin:0 auto;}#cz_81245 &gt; div{position:relative;display: table;margin:0 auto;}#cz_68563 &gt; div{position:relative;display: table;margin:0 auto;}#cz_97959 &gt; div{position:relative;display: table;margin:0 auto;}#cz_109467 &gt; div{position:relative;display: table;margin:0 auto;}'>[vc_row][vc_column][vc_single_image source=\"featured_image\" img_size=\"full\" alignment=\"center\" el_class=\"as-picture-50-left-desktop\"][vc_column_text el_class=\"text-color-a\"]ARCUS GROUP is one of the most significant providers of intelligent solutions and integrated systems for document and mass correspondence management on the market.\r\n\r\nARCUS S.A. is a Representative of <strong>Kyocera Document Solutions<\/strong> and <strong>Pitney Bowes<\/strong> in Poland. ARCUS S.A. and T-matic Systems S.A. also provide comprehensive solutions and services in the field of telematics and smart grids, as well as integration of ICT (information and communication technologies) solutions \u2013 as ARCUS Systemy Informatyczne.\r\n\r\nThe third company forming ARCUS GROUP is DocuSoft Sp. z o.o. which is the manufacturer of information-flow systems. Banks, insurance companies, companies from the telecommunications sector, postal and logistics operators and public authorities at both central and local levels are ARCUS GROUP major clients. The Group's activity is unique on the Polish market. As part of the sales process, ARCUS GROUOP offers client needs analysis, advice on the selection of an optimal solution, delivery and integration of devices and software implementation, and finally supervision over the safe and continuous operation of the system.[\/vc_column_text][\/vc_column][\/vc_row][vc_row][vc_column]<div id=\"cz_57149\" class=\"cz_57149 cz_title clr cz_title_has_icon cz_title_pos_inline\"><div class=\"cz_title_content\"><i class=\"cz_title_icon_before fa fa-stop\"><\/i><div class=\"cz_wpe_content\"><h3>Pozosta\u0142e sp\u00f3\u0142ki z Grupy Arcus:<\/h3>\n<\/div><\/div><\/div>[vc_row_inner equal_height=\"yes\" content_placement=\"middle\" css=\".vc_custom_1557951974932{margin-right: 0px !important;margin-left: 0px !important;border-bottom-width: 2px !important;padding-top: 20px !important;padding-bottom: 20px !important;border-bottom-color: #d8d8d8 !important;border-bottom-style: solid !important;}\"][vc_column_inner width=\"1\/4\"]<a href=\"http:\/\/www.t-matic.com.pl\/\" target=\"_blank\"><div id=\"cz_88882\" data-position=\"top-right\" class=\"cz_88882 cz_image clr cz_image_no_fx center_on_mobile\"><div class=\"\" ><div class=\"cz_image_in\"><div class=\"cz_main_image\"><img fetchpriority=\"high\" loading=\"eager\" decoding=\"sync\" data-no-lazy=\"1\" width=\"236\" height=\"102\" src=\"https:\/\/www.arcus.pl\/wp-content\/uploads\/2019\/05\/arcus-grupa-spolka-tmatic.png\" class=\"attachment-full\" alt=\"Arcus grupa spolka tmatic\" title=\"arcus-grupa-spolka-tmatic\"  \/><\/div><\/div><\/div><\/div><\/a><div class=\"cz_gap show_on_tablet clr  show_only_tablet\" style=\"height: 20px\"><\/div><div class=\"cz_gap show_on_mobile clr\" style=\"height: 10px\"><\/div>[\/vc_column_inner][vc_column_inner width=\"3\/4\"][vc_column_text css=\".vc_custom_1557950103105{margin-bottom: 0px !important;}\" el_class=\"text-color-a\"]Implementing the development plans, in July 2008 ARCUS S.A. acquired 55% of T-Matic Systems Sp. z o.o. (currently T-matic Systems S.A.) shares \u2013 one of the major telematics operators and providers of integrated controlling tools for cost optimization in the field of passenger and heavy transport and machinery. Currently ARCUS S.A. holds 100% shares of T-matic Systems, which in 2012 was transformed into joint-stock company.[\/vc_column_text][\/vc_column_inner][\/vc_row_inner][vc_row_inner equal_height=\"yes\" content_placement=\"middle\" css=\".vc_custom_1557952002663{margin-right: 0px !important;margin-left: 0px !important;border-bottom-width: 2px !important;padding-top: 20px !important;padding-bottom: 20px !important;background-color: #f5f5f5 !important;border-bottom-color: #d8d8d8 !important;border-bottom-style: solid !important;}\"][vc_column_inner width=\"1\/4\"]<a href=\"https:\/\/geotik.com\/\" target=\"_blank\"><div id=\"cz_81245\" data-position=\"top-right\" class=\"cz_81245 cz_image clr cz_image_no_fx center_on_mobile\"><div class=\"\" ><div class=\"cz_image_in\"><div class=\"cz_main_image\"><img decoding=\"async\" width=\"236\" height=\"102\" src=\"https:\/\/www.arcus.pl\/wp-content\/uploads\/2019\/05\/arcus-grupa-spolka-geotic.png\" class=\"attachment-full\" alt=\"Arcus grupa spolka geotic\" title=\"arcus-grupa-spolka-geotic\" loading=\"lazy\" \/><\/div><\/div><\/div><\/div><\/a><div class=\"cz_gap show_on_tablet clr  show_only_tablet\" style=\"height: 20px\"><\/div><div class=\"cz_gap show_on_mobile clr\" style=\"height: 10px\"><\/div>[\/vc_column_inner][vc_column_inner width=\"3\/4\"][vc_column_text css=\".vc_custom_1557951042297{margin-bottom: 0px !important;}\" el_class=\"text-color-a\"]GEOTIK was established in 2016 from of a separate part of T-matic Systems,  a subsidiary of Arcus SA, offers telematic solutions, with Rikaline \u2013 polish applications developer polskim and devices for car fleet management. GEOTIK Sp. z o.o. offers technologically and functionally advanced product dedicated to large enterprises and institutions and the BRUMGO solution designed for smaller entities.[\/vc_column_text][\/vc_column_inner][\/vc_row_inner][vc_row_inner equal_height=\"yes\" content_placement=\"middle\" css=\".vc_custom_1557951974932{margin-right: 0px !important;margin-left: 0px !important;border-bottom-width: 2px !important;padding-top: 20px !important;padding-bottom: 20px !important;border-bottom-color: #d8d8d8 !important;border-bottom-style: solid !important;}\"][vc_column_inner width=\"1\/4\"]<a href=\"https:\/\/www.arcussi.pl\/\" target=\"_blank\"><div id=\"cz_68563\" data-position=\"top-right\" class=\"cz_68563 cz_image clr cz_image_no_fx center_on_mobile\"><div class=\"\" ><div class=\"cz_image_in\"><div class=\"cz_main_image\"><img decoding=\"async\" width=\"236\" height=\"102\" src=\"https:\/\/www.arcus.pl\/wp-content\/uploads\/2019\/05\/arcus-grupa-spolka-arcussi.png\" class=\"attachment-full\" alt=\"Arcus si\" title=\"arcus-grupa-spolka-arcussi\" loading=\"lazy\" \/><\/div><\/div><\/div><\/div><\/a><div class=\"cz_gap show_on_tablet clr  show_only_tablet\" style=\"height: 20px\"><\/div><div class=\"cz_gap show_on_mobile clr\" style=\"height: 10px\"><\/div>[\/vc_column_inner][vc_column_inner width=\"3\/4\"][vc_column_text css=\".vc_custom_1557952162867{margin-bottom: 0px !important;}\" el_class=\"text-color-a\"]In June 2014, ARCUS S.A. acquired 53.04% shares in Arcus Systemy Informatyczne Sp. z o.o. (previously Syntea Business Solutions Sp. z o.o.). Arcus Systemy Informatyczne provides consulting services, implementation and maintenance services in the field of ERP (Enterprise Resource Planning) solutions as well as delivers and integrates the professional IT solutions for the public-sector entities and commercial companies.[\/vc_column_text][\/vc_column_inner][\/vc_row_inner][vc_row_inner equal_height=\"yes\" content_placement=\"middle\" css=\".vc_custom_1557952002663{margin-right: 0px !important;margin-left: 0px !important;border-bottom-width: 2px !important;padding-top: 20px !important;padding-bottom: 20px !important;background-color: #f5f5f5 !important;border-bottom-color: #d8d8d8 !important;border-bottom-style: solid !important;}\"][vc_column_inner width=\"1\/4\"]<a href=\"http:\/\/www.docusoft.pl\/\" target=\"_blank\"><div id=\"cz_97959\" data-position=\"top-right\" class=\"cz_97959 cz_image clr cz_image_no_fx center_on_mobile\"><div class=\"\" ><div class=\"cz_image_in\"><div class=\"cz_main_image\"><img decoding=\"async\" width=\"236\" height=\"102\" src=\"https:\/\/www.arcus.pl\/wp-content\/uploads\/2019\/05\/arcus-grupa-spolka-docusoft.png\" class=\"attachment-full\" alt=\"Arcus grupa spolka docusoft\" title=\"arcus-grupa-spolka-docusoft\" loading=\"lazy\" \/><\/div><\/div><\/div><\/div><\/a><div class=\"cz_gap show_on_tablet clr  show_only_tablet\" style=\"height: 20px\"><\/div><div class=\"cz_gap show_on_mobile clr\" style=\"height: 10px\"><\/div>[\/vc_column_inner][vc_column_inner width=\"3\/4\"][vc_column_text css=\".vc_custom_1557952314816{margin-bottom: 0px !important;}\" el_class=\"text-color-a\"]In May 2011, ARCUS S.A. acquired 87% shares in DocuSoft Sp. z o.o. \u2013 the manufacturer of systems for document management and systems enabling the implementation and support of business processes (BPM). Offered systems are designed for small and medium-sized businesses wishing to improve the flow and security of information in the electronic form.[\/vc_column_text][\/vc_column_inner][\/vc_row_inner][vc_row_inner equal_height=\"yes\" content_placement=\"middle\" css=\".vc_custom_1557952486259{margin-right: 0px !important;margin-left: 0px !important;padding-top: 20px !important;padding-bottom: 20px !important;}\"][vc_column_inner width=\"1\/4\"]<a href=\"http:\/\/durau.pl\/#start\" target=\"_blank\"><div id=\"cz_109467\" data-position=\"top-right\" class=\"cz_109467 cz_image clr cz_image_no_fx center_on_mobile\"><div class=\"\" ><div class=\"cz_image_in\"><div class=\"cz_main_image\"><img decoding=\"async\" width=\"236\" height=\"102\" src=\"https:\/\/www.arcus.pl\/wp-content\/uploads\/2019\/05\/arcus-grupa-spolka-durau.png\" class=\"attachment-full\" alt=\"Arcus grupa spolka durau\" title=\"arcus-grupa-spolka-durau\" loading=\"lazy\" \/><\/div><\/div><\/div><\/div><\/a><div class=\"cz_gap show_on_tablet clr  show_only_tablet\" style=\"height: 20px\"><\/div><div class=\"cz_gap show_on_mobile clr\" style=\"height: 10px\"><\/div>[\/vc_column_inner][vc_column_inner width=\"3\/4\"][vc_column_text css=\".vc_custom_1557952428026{margin-bottom: 0px !important;}\" el_class=\"text-color-a\"]In November 2013  T-matic Systems S.A. acquired 100% shares in Durau Sp. z o.o. Currently Arcus S.A holds 100% shares in Durau Sp. z o.o. \r\nDurau is an innovative purchasing group. It combines the negotiating power of small businesses into a strong group. Company offers solutions for the largest providers of services - energy, property protection, telecommunications and marketing services.[\/vc_column_text][\/vc_column_inner][\/vc_row_inner][\/vc_column][\/vc_row]<\/div><\/div>[\/vc_column][\/vc_row]<\/p>\n<\/div>","protected":false},"excerpt":{"rendered":"<p>[vc_row][vc_column][\/vc_column][\/vc_row] &#8230; <\/p>\n","protected":false},"author":1,"featured_media":11402,"parent":0,"menu_order":0,"comment_status":"closed","ping_status":"closed","template":"","meta":{"_acf_changed":false,"_monsterinsights_skip_tracking":false,"_monsterinsights_sitenote_active":false,"_monsterinsights_sitenote_note":"","_monsterinsights_sitenote_category":0,"footnotes":""},"class_list":["post-13855","page","type-page","status-publish","has-post-thumbnail","hentry"],"acf":[],"yoast_head":"<!-- This site is optimized with the Yoast SEO plugin v27.4 - https:\/\/yoast.com\/product\/yoast-seo-wordpress\/ -->\n<title>About Arcus - Arcus<\/title>\n<meta name=\"robots\" content=\"index, follow, max-snippet:-1, max-image-preview:large, max-video-preview:-1\" \/>\n<meta property=\"og:locale\" content=\"en_US\" \/>\n<meta property=\"og:type\" content=\"article\" \/>\n<meta property=\"og:title\" content=\"About Arcus - Arcus\" \/>\n<meta property=\"og:description\" content=\"[vc_row][vc_column][\/vc_column][\/vc_row] ...\" \/>\n<meta property=\"og:url\" content=\"https:\/\/www.arcus.pl\/en\/about-arcus\/\" \/>\n<meta property=\"og:site_name\" content=\"Arcus\" \/>\n<meta property=\"article:publisher\" content=\"https:\/\/www.facebook.com\/ArcusSA\" \/>\n<meta property=\"article:modified_time\" content=\"2019-07-30T13:37:11+00:00\" \/>\n<meta property=\"og:image\" content=\"https:\/\/www.arcus.pl\/wp-content\/uploads\/2019\/05\/arcus-grupa-arcus.jpg\" \/>\n\t<meta property=\"og:image:width\" content=\"1071\" \/>\n\t<meta property=\"og:image:height\" content=\"944\" \/>\n\t<meta property=\"og:image:type\" content=\"image\/jpeg\" \/>\n<meta name=\"twitter:card\" content=\"summary_large_image\" \/>\n<script type=\"application\/ld+json\" class=\"yoast-schema-graph\">{\"@context\":\"https:\\\/\\\/schema.org\",\"@graph\":[{\"@type\":\"WebPage\",\"@id\":\"https:\\\/\\\/www.arcus.pl\\\/en\\\/about-arcus\\\/\",\"url\":\"https:\\\/\\\/www.arcus.pl\\\/en\\\/about-arcus\\\/\",\"name\":\"About Arcus - Arcus\",\"isPartOf\":{\"@id\":\"https:\\\/\\\/www.arcus.pl\\\/#website\"},\"primaryImageOfPage\":{\"@id\":\"https:\\\/\\\/www.arcus.pl\\\/en\\\/about-arcus\\\/#primaryimage\"},\"image\":{\"@id\":\"https:\\\/\\\/www.arcus.pl\\\/en\\\/about-arcus\\\/#primaryimage\"},\"thumbnailUrl\":\"https:\\\/\\\/www.arcus.pl\\\/wp-content\\\/uploads\\\/2019\\\/05\\\/arcus-grupa-arcus.jpg\",\"datePublished\":\"2019-06-05T13:00:25+00:00\",\"dateModified\":\"2019-07-30T13:37:11+00:00\",\"breadcrumb\":{\"@id\":\"https:\\\/\\\/www.arcus.pl\\\/en\\\/about-arcus\\\/#breadcrumb\"},\"inLanguage\":\"en-US\",\"potentialAction\":[{\"@type\":\"ReadAction\",\"target\":[\"https:\\\/\\\/www.arcus.pl\\\/en\\\/about-arcus\\\/\"]}]},{\"@type\":\"ImageObject\",\"inLanguage\":\"en-US\",\"@id\":\"https:\\\/\\\/www.arcus.pl\\\/en\\\/about-arcus\\\/#primaryimage\",\"url\":\"https:\\\/\\\/www.arcus.pl\\\/wp-content\\\/uploads\\\/2019\\\/05\\\/arcus-grupa-arcus.jpg\",\"contentUrl\":\"https:\\\/\\\/www.arcus.pl\\\/wp-content\\\/uploads\\\/2019\\\/05\\\/arcus-grupa-arcus.jpg\",\"width\":1071,\"height\":944},{\"@type\":\"BreadcrumbList\",\"@id\":\"https:\\\/\\\/www.arcus.pl\\\/en\\\/about-arcus\\\/#breadcrumb\",\"itemListElement\":[{\"@type\":\"ListItem\",\"position\":1,\"name\":\"Strona g\u0142\u00f3wna\",\"item\":\"https:\\\/\\\/www.arcus.pl\\\/en\\\/?page_id=27049\"},{\"@type\":\"ListItem\",\"position\":2,\"name\":\"About Arcus\"}]},{\"@type\":\"WebSite\",\"@id\":\"https:\\\/\\\/www.arcus.pl\\\/#website\",\"url\":\"https:\\\/\\\/www.arcus.pl\\\/\",\"name\":\"Arcus\",\"description\":\"Representative of Kyocera Document Solutions and Pitney Bowes in Poland\",\"publisher\":{\"@id\":\"https:\\\/\\\/www.arcus.pl\\\/#organization\"},\"potentialAction\":[{\"@type\":\"SearchAction\",\"target\":{\"@type\":\"EntryPoint\",\"urlTemplate\":\"https:\\\/\\\/www.arcus.pl\\\/?s={search_term_string}\"},\"query-input\":{\"@type\":\"PropertyValueSpecification\",\"valueRequired\":true,\"valueName\":\"search_term_string\"}}],\"inLanguage\":\"en-US\"},{\"@type\":\"Organization\",\"@id\":\"https:\\\/\\\/www.arcus.pl\\\/#organization\",\"name\":\"Arcus S.A.\",\"alternateName\":\"Arcus\",\"url\":\"https:\\\/\\\/www.arcus.pl\\\/\",\"logo\":{\"@type\":\"ImageObject\",\"inLanguage\":\"en-US\",\"@id\":\"https:\\\/\\\/www.arcus.pl\\\/#\\\/schema\\\/logo\\\/image\\\/\",\"url\":\"https:\\\/\\\/www.arcus.pl\\\/wp-content\\\/uploads\\\/2013\\\/11\\\/Arcus-logo_1.png\",\"contentUrl\":\"https:\\\/\\\/www.arcus.pl\\\/wp-content\\\/uploads\\\/2013\\\/11\\\/Arcus-logo_1.png\",\"width\":640,\"height\":475,\"caption\":\"Arcus S.A.\"},\"image\":{\"@id\":\"https:\\\/\\\/www.arcus.pl\\\/#\\\/schema\\\/logo\\\/image\\\/\"},\"sameAs\":[\"https:\\\/\\\/www.facebook.com\\\/ArcusSA\",\"https:\\\/\\\/www.linkedin.com\\\/company\\\/grupa-arcus\\\/\",\"https:\\\/\\\/www.youtube.com\\\/channel\\\/UCjZ-Es-JfkRPd7IoknEb0zA\\\/videos\",\"https:\\\/\\\/www.instagram.com\\\/arcus.sa\\\/\"]}]}<\/script>\n<!-- \/ Yoast SEO plugin. -->","yoast_head_json":{"title":"About Arcus - Arcus","robots":{"index":"index","follow":"follow","max-snippet":"max-snippet:-1","max-image-preview":"max-image-preview:large","max-video-preview":"max-video-preview:-1"},"og_locale":"en_US","og_type":"article","og_title":"About Arcus - Arcus","og_description":"[vc_row][vc_column][\/vc_column][\/vc_row] ...","og_url":"https:\/\/www.arcus.pl\/en\/about-arcus\/","og_site_name":"Arcus","article_publisher":"https:\/\/www.facebook.com\/ArcusSA","article_modified_time":"2019-07-30T13:37:11+00:00","og_image":[{"width":1071,"height":944,"url":"https:\/\/www.arcus.pl\/wp-content\/uploads\/2019\/05\/arcus-grupa-arcus.jpg","type":"image\/jpeg"}],"twitter_card":"summary_large_image","schema":{"@context":"https:\/\/schema.org","@graph":[{"@type":"WebPage","@id":"https:\/\/www.arcus.pl\/en\/about-arcus\/","url":"https:\/\/www.arcus.pl\/en\/about-arcus\/","name":"About Arcus - Arcus","isPartOf":{"@id":"https:\/\/www.arcus.pl\/#website"},"primaryImageOfPage":{"@id":"https:\/\/www.arcus.pl\/en\/about-arcus\/#primaryimage"},"image":{"@id":"https:\/\/www.arcus.pl\/en\/about-arcus\/#primaryimage"},"thumbnailUrl":"https:\/\/www.arcus.pl\/wp-content\/uploads\/2019\/05\/arcus-grupa-arcus.jpg","datePublished":"2019-06-05T13:00:25+00:00","dateModified":"2019-07-30T13:37:11+00:00","breadcrumb":{"@id":"https:\/\/www.arcus.pl\/en\/about-arcus\/#breadcrumb"},"inLanguage":"en-US","potentialAction":[{"@type":"ReadAction","target":["https:\/\/www.arcus.pl\/en\/about-arcus\/"]}]},{"@type":"ImageObject","inLanguage":"en-US","@id":"https:\/\/www.arcus.pl\/en\/about-arcus\/#primaryimage","url":"https:\/\/www.arcus.pl\/wp-content\/uploads\/2019\/05\/arcus-grupa-arcus.jpg","contentUrl":"https:\/\/www.arcus.pl\/wp-content\/uploads\/2019\/05\/arcus-grupa-arcus.jpg","width":1071,"height":944},{"@type":"BreadcrumbList","@id":"https:\/\/www.arcus.pl\/en\/about-arcus\/#breadcrumb","itemListElement":[{"@type":"ListItem","position":1,"name":"Strona g\u0142\u00f3wna","item":"https:\/\/www.arcus.pl\/en\/?page_id=27049"},{"@type":"ListItem","position":2,"name":"About Arcus"}]},{"@type":"WebSite","@id":"https:\/\/www.arcus.pl\/#website","url":"https:\/\/www.arcus.pl\/","name":"Arcus","description":"Representative of Kyocera Document Solutions and Pitney Bowes in Poland","publisher":{"@id":"https:\/\/www.arcus.pl\/#organization"},"potentialAction":[{"@type":"SearchAction","target":{"@type":"EntryPoint","urlTemplate":"https:\/\/www.arcus.pl\/?s={search_term_string}"},"query-input":{"@type":"PropertyValueSpecification","valueRequired":true,"valueName":"search_term_string"}}],"inLanguage":"en-US"},{"@type":"Organization","@id":"https:\/\/www.arcus.pl\/#organization","name":"Arcus S.A.","alternateName":"Arcus","url":"https:\/\/www.arcus.pl\/","logo":{"@type":"ImageObject","inLanguage":"en-US","@id":"https:\/\/www.arcus.pl\/#\/schema\/logo\/image\/","url":"https:\/\/www.arcus.pl\/wp-content\/uploads\/2013\/11\/Arcus-logo_1.png","contentUrl":"https:\/\/www.arcus.pl\/wp-content\/uploads\/2013\/11\/Arcus-logo_1.png","width":640,"height":475,"caption":"Arcus S.A."},"image":{"@id":"https:\/\/www.arcus.pl\/#\/schema\/logo\/image\/"},"sameAs":["https:\/\/www.facebook.com\/ArcusSA","https:\/\/www.linkedin.com\/company\/grupa-arcus\/","https:\/\/www.youtube.com\/channel\/UCjZ-Es-JfkRPd7IoknEb0zA\/videos","https:\/\/www.instagram.com\/arcus.sa\/"]}]}},"_links":{"self":[{"href":"https:\/\/www.arcus.pl\/en\/wp-json\/wp\/v2\/pages\/13855","targetHints":{"allow":["GET"]}}],"collection":[{"href":"https:\/\/www.arcus.pl\/en\/wp-json\/wp\/v2\/pages"}],"about":[{"href":"https:\/\/www.arcus.pl\/en\/wp-json\/wp\/v2\/types\/page"}],"author":[{"embeddable":true,"href":"https:\/\/www.arcus.pl\/en\/wp-json\/wp\/v2\/users\/1"}],"replies":[{"embeddable":true,"href":"https:\/\/www.arcus.pl\/en\/wp-json\/wp\/v2\/comments?post=13855"}],"version-history":[{"count":1,"href":"https:\/\/www.arcus.pl\/en\/wp-json\/wp\/v2\/pages\/13855\/revisions"}],"predecessor-version":[{"id":13856,"href":"https:\/\/www.arcus.pl\/en\/wp-json\/wp\/v2\/pages\/13855\/revisions\/13856"}],"wp:featuredmedia":[{"embeddable":true,"href":"https:\/\/www.arcus.pl\/en\/wp-json\/wp\/v2\/media\/11402"}],"wp:attachment":[{"href":"https:\/\/www.arcus.pl\/en\/wp-json\/wp\/v2\/media?parent=13855"}],"curies":[{"name":"wp","href":"https:\/\/api.w.org\/{rel}","templated":true}]}}