{"id":13901,"date":"2019-05-31T18:31:02","date_gmt":"2019-05-31T16:31:02","guid":{"rendered":"http:\/\/arcus.sit.pl\/shareholders\/"},"modified":"2025-12-15T11:25:51","modified_gmt":"2025-12-15T10:25:51","slug":"shareholders","status":"publish","type":"page","link":"https:\/\/www.arcus.pl\/en\/investor-relations\/shareholders\/","title":{"rendered":"Shareholders"},"content":{"rendered":"<div class=\"wpb-content-wrapper\"><p>[vc_row][vc_column][vc_column_text el_class=&#8221;table-style-a&#8221;]\n<table id=\"tablepress-sa-1-en\" class=\"tablepress tablepress-id-sa-1-en\">\n<thead>\n<tr class=\"row-1\">\n\t<th class=\"column-1\">Shareholder<\/th><th class=\"column-2\">Number of shares<br \/>\n= <br \/>\nNumber of votes<\/th><th class=\"column-3\">Nominal value of shares held (PLN)<\/th><th class=\"column-4\">Share in capital<br \/>\n=<br \/>\nShare in total number of vote<\/th>\n<\/tr>\n<\/thead>\n<tbody class=\"row-striping row-hover\">\n<tr class=\"row-2\">\n\t<td class=\"column-1\">MMR Invest S.A. *<\/td><td class=\"column-2\">11000439\t<\/td><td class=\"column-3\">1 100 043,90\t<\/td><td class=\"column-4\">75,14 %<\/td>\n<\/tr>\n<tr class=\"row-3\">\n\t<td class=\"column-1\">Others<\/td><td class=\"column-2\">3639561\t<\/td><td class=\"column-3\">363 956,10\t<\/td><td class=\"column-4\">24,86 %<\/td>\n<\/tr>\n<\/tbody>\n<tfoot>\n<tr class=\"row-4\">\n\t<th class=\"column-1\">TOTAL<\/th><th class=\"column-2\">14640000<\/th><th class=\"column-3\">1 464 000,00\t<\/th><th class=\"column-4\">100,00%<\/th>\n<\/tr>\n<\/tfoot>\n<\/table>\n<!-- #tablepress-sa-1-en from cache --><\/p>\n<p>*\u00a0 &#8211; Mr. Marek Czeredys and Mr. Micha\u0142 Czeredys are parent undertakings of MMR Invest SA<\/p>\n<p><em>\u0179r\u00f3d\u0142o: Arcus S.A.<\/em>[\/vc_column_text]<div class=\"cz_gap clr \" style=\"height: 50px\"><\/div>[vc_column_text css=&#8221;.vc_custom_1765794347517{margin-top: 25px !important;}&#8221;]The nominal value of each share amounts to PLN 0.10. One share entitles to one vote at the Company&#8217;s General Meeting.[\/vc_column_text][\/vc_column][\/vc_row]<\/p>\n<\/div>","protected":false},"excerpt":{"rendered":"<p>[vc_row][vc_column][vc_column_text el_class=&#8221;table-style-a&#8221;] *\u00a0 &#8211; Mr. Marek Czeredys and Mr. Micha\u0142 Czeredys &#8230; <\/p>\n","protected":false},"author":1,"featured_media":0,"parent":15745,"menu_order":0,"comment_status":"closed","ping_status":"closed","template":"","meta":{"_acf_changed":false,"_monsterinsights_skip_tracking":false,"_monsterinsights_sitenote_active":false,"_monsterinsights_sitenote_note":"","_monsterinsights_sitenote_category":0,"footnotes":""},"class_list":["post-13901","page","type-page","status-publish","hentry"],"acf":[],"yoast_head":"<!-- This site is optimized with the Yoast SEO plugin v27.4 - https:\/\/yoast.com\/product\/yoast-seo-wordpress\/ -->\n<title>Shareholders - Arcus<\/title>\n<meta name=\"robots\" content=\"index, follow, max-snippet:-1, max-image-preview:large, max-video-preview:-1\" \/>\n<meta property=\"og:locale\" content=\"en_US\" \/>\n<meta property=\"og:type\" content=\"article\" \/>\n<meta property=\"og:title\" content=\"Shareholders - Arcus\" \/>\n<meta property=\"og:description\" content=\"[vc_row][vc_column][vc_column_text el_class=&#8221;table-style-a&#8221;] *\u00a0 &#8211; Mr. Marek Czeredys and Mr. Micha\u0142 Czeredys ...\" \/>\n<meta property=\"og:url\" content=\"https:\/\/www.arcus.pl\/en\/investor-relations\/shareholders\/\" \/>\n<meta property=\"og:site_name\" content=\"Arcus\" \/>\n<meta property=\"article:publisher\" content=\"https:\/\/www.facebook.com\/ArcusSA\" \/>\n<meta property=\"article:modified_time\" content=\"2025-12-15T10:25:51+00:00\" \/>\n<meta name=\"twitter:card\" content=\"summary_large_image\" \/>\n<meta name=\"twitter:label1\" content=\"Est. reading time\" \/>\n\t<meta name=\"twitter:data1\" content=\"1 minute\" \/>\n<script type=\"application\/ld+json\" class=\"yoast-schema-graph\">{\"@context\":\"https:\\\/\\\/schema.org\",\"@graph\":[{\"@type\":\"WebPage\",\"@id\":\"https:\\\/\\\/www.arcus.pl\\\/en\\\/investor-relations\\\/shareholders\\\/\",\"url\":\"https:\\\/\\\/www.arcus.pl\\\/en\\\/investor-relations\\\/shareholders\\\/\",\"name\":\"Shareholders - Arcus\",\"isPartOf\":{\"@id\":\"https:\\\/\\\/www.arcus.pl\\\/#website\"},\"datePublished\":\"2019-05-31T16:31:02+00:00\",\"dateModified\":\"2025-12-15T10:25:51+00:00\",\"breadcrumb\":{\"@id\":\"https:\\\/\\\/www.arcus.pl\\\/en\\\/investor-relations\\\/shareholders\\\/#breadcrumb\"},\"inLanguage\":\"en-US\",\"potentialAction\":[{\"@type\":\"ReadAction\",\"target\":[\"https:\\\/\\\/www.arcus.pl\\\/en\\\/investor-relations\\\/shareholders\\\/\"]}]},{\"@type\":\"BreadcrumbList\",\"@id\":\"https:\\\/\\\/www.arcus.pl\\\/en\\\/investor-relations\\\/shareholders\\\/#breadcrumb\",\"itemListElement\":[{\"@type\":\"ListItem\",\"position\":1,\"name\":\"Strona g\u0142\u00f3wna\",\"item\":\"https:\\\/\\\/www.arcus.pl\\\/en\\\/?page_id=27049\"},{\"@type\":\"ListItem\",\"position\":2,\"name\":\"Investor relations\",\"item\":\"https:\\\/\\\/www.arcus.pl\\\/en\\\/investor-relations\\\/\"},{\"@type\":\"ListItem\",\"position\":3,\"name\":\"Shareholders\"}]},{\"@type\":\"WebSite\",\"@id\":\"https:\\\/\\\/www.arcus.pl\\\/#website\",\"url\":\"https:\\\/\\\/www.arcus.pl\\\/\",\"name\":\"Arcus\",\"description\":\"Representative of Kyocera Document Solutions and Pitney Bowes in Poland\",\"publisher\":{\"@id\":\"https:\\\/\\\/www.arcus.pl\\\/#organization\"},\"potentialAction\":[{\"@type\":\"SearchAction\",\"target\":{\"@type\":\"EntryPoint\",\"urlTemplate\":\"https:\\\/\\\/www.arcus.pl\\\/?s={search_term_string}\"},\"query-input\":{\"@type\":\"PropertyValueSpecification\",\"valueRequired\":true,\"valueName\":\"search_term_string\"}}],\"inLanguage\":\"en-US\"},{\"@type\":\"Organization\",\"@id\":\"https:\\\/\\\/www.arcus.pl\\\/#organization\",\"name\":\"Arcus S.A.\",\"alternateName\":\"Arcus\",\"url\":\"https:\\\/\\\/www.arcus.pl\\\/\",\"logo\":{\"@type\":\"ImageObject\",\"inLanguage\":\"en-US\",\"@id\":\"https:\\\/\\\/www.arcus.pl\\\/#\\\/schema\\\/logo\\\/image\\\/\",\"url\":\"https:\\\/\\\/www.arcus.pl\\\/wp-content\\\/uploads\\\/2013\\\/11\\\/Arcus-logo_1.png\",\"contentUrl\":\"https:\\\/\\\/www.arcus.pl\\\/wp-content\\\/uploads\\\/2013\\\/11\\\/Arcus-logo_1.png\",\"width\":640,\"height\":475,\"caption\":\"Arcus S.A.\"},\"image\":{\"@id\":\"https:\\\/\\\/www.arcus.pl\\\/#\\\/schema\\\/logo\\\/image\\\/\"},\"sameAs\":[\"https:\\\/\\\/www.facebook.com\\\/ArcusSA\",\"https:\\\/\\\/www.linkedin.com\\\/company\\\/grupa-arcus\\\/\",\"https:\\\/\\\/www.youtube.com\\\/channel\\\/UCjZ-Es-JfkRPd7IoknEb0zA\\\/videos\",\"https:\\\/\\\/www.instagram.com\\\/arcus.sa\\\/\"]}]}<\/script>\n<!-- \/ Yoast SEO plugin. -->","yoast_head_json":{"title":"Shareholders - Arcus","robots":{"index":"index","follow":"follow","max-snippet":"max-snippet:-1","max-image-preview":"max-image-preview:large","max-video-preview":"max-video-preview:-1"},"og_locale":"en_US","og_type":"article","og_title":"Shareholders - Arcus","og_description":"[vc_row][vc_column][vc_column_text el_class=&#8221;table-style-a&#8221;] *\u00a0 &#8211; Mr. Marek Czeredys and Mr. Micha\u0142 Czeredys ...","og_url":"https:\/\/www.arcus.pl\/en\/investor-relations\/shareholders\/","og_site_name":"Arcus","article_publisher":"https:\/\/www.facebook.com\/ArcusSA","article_modified_time":"2025-12-15T10:25:51+00:00","twitter_card":"summary_large_image","twitter_misc":{"Est. reading time":"1 minute"},"schema":{"@context":"https:\/\/schema.org","@graph":[{"@type":"WebPage","@id":"https:\/\/www.arcus.pl\/en\/investor-relations\/shareholders\/","url":"https:\/\/www.arcus.pl\/en\/investor-relations\/shareholders\/","name":"Shareholders - Arcus","isPartOf":{"@id":"https:\/\/www.arcus.pl\/#website"},"datePublished":"2019-05-31T16:31:02+00:00","dateModified":"2025-12-15T10:25:51+00:00","breadcrumb":{"@id":"https:\/\/www.arcus.pl\/en\/investor-relations\/shareholders\/#breadcrumb"},"inLanguage":"en-US","potentialAction":[{"@type":"ReadAction","target":["https:\/\/www.arcus.pl\/en\/investor-relations\/shareholders\/"]}]},{"@type":"BreadcrumbList","@id":"https:\/\/www.arcus.pl\/en\/investor-relations\/shareholders\/#breadcrumb","itemListElement":[{"@type":"ListItem","position":1,"name":"Strona g\u0142\u00f3wna","item":"https:\/\/www.arcus.pl\/en\/?page_id=27049"},{"@type":"ListItem","position":2,"name":"Investor relations","item":"https:\/\/www.arcus.pl\/en\/investor-relations\/"},{"@type":"ListItem","position":3,"name":"Shareholders"}]},{"@type":"WebSite","@id":"https:\/\/www.arcus.pl\/#website","url":"https:\/\/www.arcus.pl\/","name":"Arcus","description":"Representative of Kyocera Document Solutions and Pitney Bowes in Poland","publisher":{"@id":"https:\/\/www.arcus.pl\/#organization"},"potentialAction":[{"@type":"SearchAction","target":{"@type":"EntryPoint","urlTemplate":"https:\/\/www.arcus.pl\/?s={search_term_string}"},"query-input":{"@type":"PropertyValueSpecification","valueRequired":true,"valueName":"search_term_string"}}],"inLanguage":"en-US"},{"@type":"Organization","@id":"https:\/\/www.arcus.pl\/#organization","name":"Arcus S.A.","alternateName":"Arcus","url":"https:\/\/www.arcus.pl\/","logo":{"@type":"ImageObject","inLanguage":"en-US","@id":"https:\/\/www.arcus.pl\/#\/schema\/logo\/image\/","url":"https:\/\/www.arcus.pl\/wp-content\/uploads\/2013\/11\/Arcus-logo_1.png","contentUrl":"https:\/\/www.arcus.pl\/wp-content\/uploads\/2013\/11\/Arcus-logo_1.png","width":640,"height":475,"caption":"Arcus S.A."},"image":{"@id":"https:\/\/www.arcus.pl\/#\/schema\/logo\/image\/"},"sameAs":["https:\/\/www.facebook.com\/ArcusSA","https:\/\/www.linkedin.com\/company\/grupa-arcus\/","https:\/\/www.youtube.com\/channel\/UCjZ-Es-JfkRPd7IoknEb0zA\/videos","https:\/\/www.instagram.com\/arcus.sa\/"]}]}},"_links":{"self":[{"href":"https:\/\/www.arcus.pl\/en\/wp-json\/wp\/v2\/pages\/13901","targetHints":{"allow":["GET"]}}],"collection":[{"href":"https:\/\/www.arcus.pl\/en\/wp-json\/wp\/v2\/pages"}],"about":[{"href":"https:\/\/www.arcus.pl\/en\/wp-json\/wp\/v2\/types\/page"}],"author":[{"embeddable":true,"href":"https:\/\/www.arcus.pl\/en\/wp-json\/wp\/v2\/users\/1"}],"replies":[{"embeddable":true,"href":"https:\/\/www.arcus.pl\/en\/wp-json\/wp\/v2\/comments?post=13901"}],"version-history":[{"count":3,"href":"https:\/\/www.arcus.pl\/en\/wp-json\/wp\/v2\/pages\/13901\/revisions"}],"predecessor-version":[{"id":26575,"href":"https:\/\/www.arcus.pl\/en\/wp-json\/wp\/v2\/pages\/13901\/revisions\/26575"}],"up":[{"embeddable":true,"href":"https:\/\/www.arcus.pl\/en\/wp-json\/wp\/v2\/pages\/15745"}],"wp:attachment":[{"href":"https:\/\/www.arcus.pl\/en\/wp-json\/wp\/v2\/media?parent=13901"}],"curies":[{"name":"wp","href":"https:\/\/api.w.org\/{rel}","templated":true}]}}