{"id":16197,"date":"2019-06-03T11:01:19","date_gmt":"2019-06-03T09:01:19","guid":{"rendered":"http:\/\/arcus.sit.pl\/?page_id=16197"},"modified":"2019-09-30T15:18:14","modified_gmt":"2019-09-30T13:18:14","slug":"arcus-on-the-stock-exchange","status":"publish","type":"page","link":"https:\/\/www.arcus.pl\/en\/investor-relations\/arcus-on-the-stock-exchange\/","title":{"rendered":"Arcus on The Stock Exchange"},"content":{"rendered":"<div class=\"wpb-content-wrapper\"><p>[vc_row css=&#8221;.vc_custom_1551911985902{margin-bottom: 60px !important;}&#8221;][vc_column offset=&#8221;vc_col-lg-offset-1 vc_col-lg-10 vc_col-md-offset-1 vc_col-md-10&#8243;][vc_row_inner][vc_column_inner]<div id=\"cz_85834\" class=\"cz_85834 cz_title clr cz_title_pos_inline tac\"><div class=\"cz_title_content\"><div class=\"cz_wpe_content\"><h3 style=\"text-align: center;\"><span style=\"font-size: 38px;\">LISTING OF SHARES <span style=\"color: #002699;\">ARCUS S.A.<\/span><\/span><\/h3>\n<\/div><\/div><\/div><div class=\"cz_gap clr \" style=\"height: 40px\"><\/div>[vc_raw_html]PCEtLSBUcmFkaW5nVmlldyBXaWRnZXQgQkVHSU4gLS0+DQo8ZGl2IGNsYXNzPSJ0cmFkaW5ndmlldy13aWRnZXQtY29udGFpbmVyIj4NCiAgPGRpdiBpZD0idHJhZGluZ3ZpZXdfZjUxMDEiIHN0eWxlPSJoZWlnaHQ6IDYwMHB4OyI+PC9kaXY+DQogIDxkaXYgY2xhc3M9InRyYWRpbmd2aWV3LXdpZGdldC1jb3B5cmlnaHQiPjxhIGhyZWY9Imh0dHBzOi8vd3d3LnRyYWRpbmd2aWV3LmNvbS9zeW1ib2xzL0dQVy1BUkMvIiByZWw9Im5vb3BlbmVyIiB0YXJnZXQ9Il9ibGFuayI+PHNwYW4gY2xhc3M9ImJsdWUtdGV4dCI+QVJDIENoYXJ0PC9zcGFuPjwvYT4gYnkgVHJhZGluZ1ZpZXc8L2Rpdj4NCiAgPHNjcmlwdCB0eXBlPSJ0ZXh0L2phdmFzY3JpcHQiIHNyYz0iaHR0cHM6Ly9zMy50cmFkaW5ndmlldy5jb20vdHYuanMiPjwvc2NyaXB0Pg0KICA8c2NyaXB0IHR5cGU9InRleHQvamF2YXNjcmlwdCI+DQogIG5ldyBUcmFkaW5nVmlldy53aWRnZXQoDQogIHsNCiAgImF1dG9zaXplIjogdHJ1ZSwNCiAgInN5bWJvbCI6ICJHUFc6QVJDIiwNCiAgImludGVydmFsIjogIjEiLA0KICAidGltZXpvbmUiOiAiRXVyb3BlL1dhcnNhdyIsDQogICJ0aGVtZSI6ICJMaWdodCIsDQogICJzdHlsZSI6ICIyIiwNCiAgImxvY2FsZSI6ICJlbiIsDQogICJ0b29sYmFyX2JnIjogIiNmMWYzZjYiLA0KICAiZW5hYmxlX3B1Ymxpc2hpbmciOiBmYWxzZSwNCiAgImFsbG93X3N5bWJvbF9jaGFuZ2UiOiB0cnVlLA0KICAiY29udGFpbmVyX2lkIjogInRyYWRpbmd2aWV3X2Y1MTAxIg0KfQ0KICApOw0KICA8L3NjcmlwdD4NCjwvZGl2Pg0KPCEtLSBUcmFkaW5nVmlldyBXaWRnZXQgRU5EIC0tPg==[\/vc_raw_html][\/vc_column_inner][\/vc_row_inner]<div class=\"cz_gap clr \" style=\"height: 50px\"><\/div>[vc_row_inner][vc_column_inner]<div id=\"cz_94357\" class=\"cz_94357 cz_title clr cz_title_has_icon cz_title_pos_inline\"><div class=\"cz_title_content\"><i class=\"cz_title_icon_before fa fa-stop\"><\/i><div class=\"cz_wpe_content\"><h3><span style=\"font-size: 24px;\">Initial Public Offer<\/span><\/h3>\n<\/div><\/div><\/div><div class=\"relative\"><div id=\"cz_104214\" class=\"cz_104214 cz_line tal\"><\/div><\/div><div class=\"clr\"><\/div><div id=\"cz_68651\" class=\"cz_68651 cz_title clr cz_title_pos_inline\"><a href=\"http:\/\/www.arcus.pl\/en\/investor-relations\/arcus-on-the-stock-exchange\/b-series-bearer-ordinary-shares-public-offer\/\"><div class=\"cz_title_content\"><div class=\"cz_wpe_content\"><p>B series bearer ordinary shares public offer<\/p>\n<\/div><\/div><\/a><\/div><div id=\"cz_109775\" class=\"cz_109775 cz_title clr cz_title_pos_inline\"><a href=\"http:\/\/www.arcus.pl\/en\/investor-relations\/arcus-on-the-stock-exchange\/offer-of-c-series-ordinary-bearer-shares\/\"><div class=\"cz_title_content\"><div class=\"cz_wpe_content\"><p>Offer of C series ordinary bearer shares<\/p>\n<\/div><\/div><\/a><\/div>[\/vc_column_inner][\/vc_row_inner]<div class=\"cz_gap clr \" style=\"height: 40px\"><\/div>[vc_row_inner disable_element=&#8221;yes&#8221;][vc_column_inner]<div id=\"cz_48835\" class=\"cz_48835 cz_title clr cz_title_has_icon cz_title_pos_inline\"><div class=\"cz_title_content\"><i class=\"cz_title_icon_before fa fa-stop\"><\/i><div class=\"cz_wpe_content\"><h3><span style=\"font-size: 24px;\">Prospekt emisyjny<\/span><\/h3>\n<\/div><\/div><\/div><div class=\"relative\"><div id=\"cz_85857\" class=\"cz_85857 cz_line tal\"><\/div><\/div><div class=\"clr\"><\/div><div id=\"cz_89225\" class=\"cz_89225 cz_title clr cz_title_pos_inline\"><a href=\"http:\/\/www.arcus.pl\/relacje-inwestorskie\/akcje-na-gpw\/szczegoly-warunkow-emisji-warrantow-subskrypcyjnych-imiennych-serii-a-i-akcji-zwyklych-na-okaziciela\/\"><div class=\"cz_title_content\"><div class=\"cz_wpe_content\"><p>Szczeg\u00f3\u0142y warunk\u00f3w emisji warrant\u00f3w subskrypcyjnych imiennych serii A i akcji zwyk\u0142ych na okaziciela<\/p>\n<\/div><\/div><\/a><\/div><div id=\"cz_41240\" class=\"cz_41240 cz_title clr cz_title_pos_inline\"><a href=\"http:\/\/www.arcus.pl\/relacje-inwestorskie\/akcje-na-gpw\/prospekt-emisyjny-oferta-publiczna-akcji-zwyklych-na-okaziciela-serii-b\/\"><div class=\"cz_title_content\"><div class=\"cz_wpe_content\"><p>Prospekt emisyjny &#8211; oferta publiczna akcji zwyk\u0142ych na okaziciela serii B<\/p>\n<\/div><\/div><\/a><\/div>[\/vc_column_inner][\/vc_row_inner]<div class=\"cz_gap clr \" style=\"height: 40px\"><\/div>[vc_row_inner][vc_column_inner]<div id=\"cz_98215\" class=\"cz_98215 cz_title clr cz_title_has_icon cz_title_pos_inline\"><div class=\"cz_title_content\"><i class=\"cz_title_icon_before fa fa-stop\"><\/i><div class=\"cz_wpe_content\"><h3><span style=\"font-size: 24px;\">History of Share Transactions<\/span><\/h3>\n<\/div><\/div><\/div><div class=\"relative\"><div id=\"cz_59774\" class=\"cz_59774 cz_line tal\"><\/div><\/div><div class=\"clr\"><\/div><div id=\"cz_40766\" class=\"cz_40766 cz_title clr cz_title_has_icon cz_title_pos_inline\"><div class=\"cz_title_content\"><i class=\"cz_title_icon_before cz_title_number\"><span>I.<\/span><\/i><div class=\"cz_wpe_content\"><h4>INITIAL PUBLIC OFFERING<\/h4>\n<\/div><\/div><\/div>[vc_column_text el_class=&#8221;text-color-a&#8221; css=&#8221;.vc_custom_1565366646983{margin-bottom: 15px !important;margin-left: 4em !important;}&#8221;]<strong>9)<\/strong> Introduction of A and B series shares of Arcus S.A. to trading on the WSE main market.<br \/>\n(current report no. 31\/2008 of 17 June 2008)<\/p>\n<p><strong>8)<\/strong> Decision of the Polish Financial Supervision Authority of 6 June 2008 on discontinuation of administrative proceedings initiated on the basis of Polish Financial Supervision Authority decision of 30 November 2007 &#8211; File no. DEM\/419\/02\/31\/08.<br \/>\n(Current report no. 30\/2008 of 12 June 2008)<\/p>\n<p><strong>7)<\/strong> Decision of the Polish Financial Supervision Authority on the institution of administrative proceedings<br \/>\n(Current report no. 38\/2007 of 03 December 2007)<\/p>\n<p><strong>6)<\/strong> Decision of Polish Financial Supervision Authority of 16 November 2007<br \/>\nCurrent report no. 32\/2007 of 16 November 2007)<\/p>\n<p><strong>5)<\/strong> Polish Financial Supervision Authority&#8217;s letter of 26 October 2007<br \/>\n(Current report no. 23\/2007 of 07 November 2007)<\/p>\n<p><strong>4)<\/strong> Decision of the Polish Financial Supervision Authority on the institution of administrative proceedings.<br \/>\n(Current report no. 18\/2007 of 27 October 2007)<\/p>\n<p><strong>3)<\/strong> Summary of the Public Offering<br \/>\n(Current report no. 13\/2007 of 14 September 2007)<\/p>\n<p><strong>2)<\/strong> Permission for the A and B series shares to be traded, including rights to B series shares.<br \/>\n(Current report no. 12\/2007 of 06 September 2007)<\/p>\n<p><strong>1)<\/strong> Announcement on final allocation of 2.296.681 bearer B series shares.<br \/>\n(Current report no. 7\/2007 of 03 September 2007)[\/vc_column_text]<div id=\"cz_84191\" class=\"cz_84191 cz_title clr cz_title_has_icon cz_title_pos_inline\"><div class=\"cz_title_content\"><i class=\"cz_title_icon_before cz_title_number\"><span>II.<\/span><\/i><div class=\"cz_wpe_content\"><h4>Share split<\/h4>\n<\/div><\/div><\/div>[vc_column_text el_class=&#8221;text-color-a&#8221; css=&#8221;.vc_custom_1565366707251{margin-bottom: 15px !important;margin-left: 4em !important;}&#8221;]N\/A[\/vc_column_text]<div id=\"cz_34095\" class=\"cz_34095 cz_title clr cz_title_has_icon cz_title_pos_inline\"><div class=\"cz_title_content\"><i class=\"cz_title_icon_before cz_title_number\"><span>III.<\/span><\/i><div class=\"cz_wpe_content\"><h4>Dividend<\/h4>\n<\/div><\/div><\/div>[vc_column_text el_class=&#8221;text-color-a&#8221; css=&#8221;.vc_custom_1565366737906{margin-bottom: 15px !important;margin-left: 4em !important;}&#8221;]No dividend payable for 2007<\/p>\n<p>Acting pursuant to article 395.2.2 of the Commercial Companies Code and Par. 7.8 a) of ARCUS S.A. Company&#8217;s Articles of Association, the Ordinary General Meeting of Shareholder decided to allocte the entire profit for 2007of PLN 8 593 822\/58 to the reserve capital. The amount of profit for 2007 includes profit for 2006.<br \/>\n(Current report no. 20\/2008 of 09 May 2008 and 22\/2008 of 28 May 2008 &#8211; Resolution no. 16)[\/vc_column_text]<div id=\"cz_58642\" class=\"cz_58642 cz_title clr cz_title_has_icon cz_title_pos_inline\"><div class=\"cz_title_content\"><i class=\"cz_title_icon_before cz_title_number\"><span>IV.<\/span><\/i><div class=\"cz_wpe_content\"><h4>Subscription rights<\/h4>\n<\/div><\/div><\/div>[vc_column_text el_class=&#8221;text-color-a&#8221; css=&#8221;.vc_custom_1565366767808{margin-bottom: 15px !important;margin-left: 4em !important;}&#8221;]N\/A[\/vc_column_text]<div id=\"cz_18125\" class=\"cz_18125 cz_title clr cz_title_has_icon cz_title_pos_inline\"><div class=\"cz_title_content\"><i class=\"cz_title_icon_before cz_title_number\"><span>V.<\/span><\/i><div class=\"cz_wpe_content\"><h4>Subsequent issues of shares<\/h4>\n<\/div><\/div><\/div>[vc_column_text el_class=&#8221;text-color-a&#8221; css=&#8221;.vc_custom_1565366893916{margin-bottom: 15px !important;margin-left: 4em !important;}&#8221;]<strong>b)<\/strong> Detailed terms and conditions of issue of subscription warrants for registered A series shares and C series bearer shares.<br \/>\n(Current report no. 59\/2008 of 18. 12. 2008)<\/p>\n<p><strong>a)<\/strong> The Management Board of Arcus S.A. (Company)presents the attached resolutions adopted by the Extraordinary Meeting of Shareholders dated 14.10.2008 (EMS). There were no objections to any of the resolutions of the EMS.<br \/>\n(Current report no. 52\/2008 of 14.10.2008)[\/vc_column_text]<div id=\"cz_17448\" class=\"cz_17448 cz_title clr cz_title_has_icon cz_title_pos_inline\"><div class=\"cz_title_content\"><i class=\"cz_title_icon_before cz_title_number\"><span>VI.<\/span><\/i><div class=\"cz_wpe_content\"><h4>Subsequent introduction to trading<\/h4>\n<\/div><\/div><\/div>[vc_column_text el_class=&#8221;text-color-a&#8221; css=&#8221;.vc_custom_1565366961133{margin-bottom: 15px !important;margin-left: 4em !important;}&#8221;]N\/A[\/vc_column_text]<div id=\"cz_73836\" class=\"cz_73836 cz_title clr cz_title_has_icon cz_title_pos_inline\"><div class=\"cz_title_content\"><i class=\"cz_title_icon_before cz_title_number\"><span>VII.<\/span><\/i><div class=\"cz_wpe_content\"><h4>Calls<\/h4>\n<\/div><\/div><\/div>[vc_column_text el_class=&#8221;text-color-a&#8221; css=&#8221;.vc_custom_1565366971245{margin-bottom: 15px !important;margin-left: 4em !important;}&#8221;]N\/A[\/vc_column_text]<div id=\"cz_95789\" class=\"cz_95789 cz_title clr cz_title_has_icon cz_title_pos_inline\"><div class=\"cz_title_content\"><i class=\"cz_title_icon_before cz_title_number\"><span>VIII.<\/span><\/i><div class=\"cz_wpe_content\"><h4>Obligatory buyback<\/h4>\n<\/div><\/div><\/div>[vc_column_text el_class=&#8221;text-color-a&#8221; css=&#8221;.vc_custom_1565366979301{margin-bottom: 15px !important;margin-left: 4em !important;}&#8221;]N\/A[\/vc_column_text][\/vc_column_inner][\/vc_row_inner][\/vc_column][\/vc_row]<\/p>\n<\/div>","protected":false},"excerpt":{"rendered":"<p>[vc_row css=&#8221;.vc_custom_1551911985902{margin-bottom: 60px !important;}&#8221;][vc_column offset=&#8221;vc_col-lg-offset-1 vc_col-lg-10 vc_col-md-offset-1 vc_col-md-10&#8243;][vc_row_inner][vc_column_inner][vc_raw_html]PCEtLSBUcmFkaW5nVmlldyBXaWRnZXQgQkVHSU4gLS0+DQo8ZGl2IGNsYXNzPSJ0cmFkaW5ndmlldy13aWRnZXQtY29udGFpbmVyIj4NCiAgPGRpdiBpZD0idHJhZGluZ3ZpZXdfZjUxMDEiIHN0eWxlPSJoZWlnaHQ6IDYwMHB4OyI+PC9kaXY+DQogIDxkaXYgY2xhc3M9InRyYWRpbmd2aWV3LXdpZGdldC1jb3B5cmlnaHQiPjxhIGhyZWY9Imh0dHBzOi8vd3d3LnRyYWRpbmd2aWV3LmNvbS9zeW1ib2xzL0dQVy1BUkMvIiByZWw9Im5vb3BlbmVyIiB0YXJnZXQ9Il9ibGFuayI+PHNwYW4gY2xhc3M9ImJsdWUtdGV4dCI+QVJDIENoYXJ0PC9zcGFuPjwvYT4gYnkgVHJhZGluZ1ZpZXc8L2Rpdj4NCiAgPHNjcmlwdCB0eXBlPSJ0ZXh0L2phdmFzY3JpcHQiIHNyYz0iaHR0cHM6Ly9zMy50cmFkaW5ndmlldy5jb20vdHYuanMiPjwvc2NyaXB0Pg0KICA8c2NyaXB0IHR5cGU9InRleHQvamF2YXNjcmlwdCI+DQogIG5ldyBUcmFkaW5nVmlldy53aWRnZXQoDQogIHsNCiAgImF1dG9zaXplIjogdHJ1ZSwNCiAgInN5bWJvbCI6ICJHUFc6QVJDIiwNCiAgImludGVydmFsIjogIjEiLA0KICAidGltZXpvbmUiOiAiRXVyb3BlL1dhcnNhdyIsDQogICJ0aGVtZSI6ICJMaWdodCIsDQogICJzdHlsZSI6ICIyIiwNCiAgImxvY2FsZSI6ICJlbiIsDQogICJ0b29sYmFyX2JnIjogIiNmMWYzZjYiLA0KICAiZW5hYmxlX3B1Ymxpc2hpbmciOiBmYWxzZSwNCiAgImFsbG93X3N5bWJvbF9jaGFuZ2UiOiB0cnVlLA0KICAiY29udGFpbmVyX2lkIjogInRyYWRpbmd2aWV3X2Y1MTAxIg0KfQ0KICApOw0KICA8L3NjcmlwdD4NCjwvZGl2Pg0KPCEtLSBUcmFkaW5nVmlldyBXaWRnZXQgRU5EIC0tPg==[\/vc_raw_html][\/vc_column_inner][\/vc_row_inner][vc_row_inner][vc_column_inner][\/vc_column_inner][\/vc_row_inner][vc_row_inner disable_element=&#8221;yes&#8221;][vc_column_inner][\/vc_column_inner][\/vc_row_inner][vc_row_inner][vc_column_inner][vc_column_text el_class=&#8221;text-color-a&#8221; css=&#8221;.vc_custom_1565366646983{margin-bottom: &#8230; <\/p>\n","protected":false},"author":1,"featured_media":0,"parent":15745,"menu_order":0,"comment_status":"closed","ping_status":"closed","template":"","meta":{"_acf_changed":false,"_monsterinsights_skip_tracking":false,"_monsterinsights_sitenote_active":false,"_monsterinsights_sitenote_note":"","_monsterinsights_sitenote_category":0,"footnotes":""},"class_list":["post-16197","page","type-page","status-publish","hentry"],"acf":[],"yoast_head":"<!-- This site is optimized with the Yoast SEO plugin v27.3 - https:\/\/yoast.com\/product\/yoast-seo-wordpress\/ -->\n<title>Arcus on The Stock Exchange - Arcus<\/title>\n<meta name=\"robots\" content=\"index, follow, max-snippet:-1, max-image-preview:large, max-video-preview:-1\" \/>\n<meta property=\"og:locale\" content=\"en_US\" \/>\n<meta property=\"og:type\" content=\"article\" \/>\n<meta property=\"og:title\" content=\"Arcus on The Stock Exchange - Arcus\" \/>\n<meta property=\"og:description\" content=\"[vc_row css=&#8221;.vc_custom_1551911985902{margin-bottom: 60px !important;}&#8221;][vc_column offset=&#8221;vc_col-lg-offset-1 vc_col-lg-10 vc_col-md-offset-1 vc_col-md-10&#8243;][vc_row_inner][vc_column_inner][vc_raw_html]PCEtLSBUcmFkaW5nVmlldyBXaWRnZXQgQkVHSU4gLS0+DQo8ZGl2IGNsYXNzPSJ0cmFkaW5ndmlldy13aWRnZXQtY29udGFpbmVyIj4NCiAgPGRpdiBpZD0idHJhZGluZ3ZpZXdfZjUxMDEiIHN0eWxlPSJoZWlnaHQ6IDYwMHB4OyI+PC9kaXY+DQogIDxkaXYgY2xhc3M9InRyYWRpbmd2aWV3LXdpZGdldC1jb3B5cmlnaHQiPjxhIGhyZWY9Imh0dHBzOi8vd3d3LnRyYWRpbmd2aWV3LmNvbS9zeW1ib2xzL0dQVy1BUkMvIiByZWw9Im5vb3BlbmVyIiB0YXJnZXQ9Il9ibGFuayI+PHNwYW4gY2xhc3M9ImJsdWUtdGV4dCI+QVJDIENoYXJ0PC9zcGFuPjwvYT4gYnkgVHJhZGluZ1ZpZXc8L2Rpdj4NCiAgPHNjcmlwdCB0eXBlPSJ0ZXh0L2phdmFzY3JpcHQiIHNyYz0iaHR0cHM6Ly9zMy50cmFkaW5ndmlldy5jb20vdHYuanMiPjwvc2NyaXB0Pg0KICA8c2NyaXB0IHR5cGU9InRleHQvamF2YXNjcmlwdCI+DQogIG5ldyBUcmFkaW5nVmlldy53aWRnZXQoDQogIHsNCiAgImF1dG9zaXplIjogdHJ1ZSwNCiAgInN5bWJvbCI6ICJHUFc6QVJDIiwNCiAgImludGVydmFsIjogIjEiLA0KICAidGltZXpvbmUiOiAiRXVyb3BlL1dhcnNhdyIsDQogICJ0aGVtZSI6ICJMaWdodCIsDQogICJzdHlsZSI6ICIyIiwNCiAgImxvY2FsZSI6ICJlbiIsDQogICJ0b29sYmFyX2JnIjogIiNmMWYzZjYiLA0KICAiZW5hYmxlX3B1Ymxpc2hpbmciOiBmYWxzZSwNCiAgImFsbG93X3N5bWJvbF9jaGFuZ2UiOiB0cnVlLA0KICAiY29udGFpbmVyX2lkIjogInRyYWRpbmd2aWV3X2Y1MTAxIg0KfQ0KICApOw0KICA8L3NjcmlwdD4NCjwvZGl2Pg0KPCEtLSBUcmFkaW5nVmlldyBXaWRnZXQgRU5EIC0tPg==[\/vc_raw_html][\/vc_column_inner][\/vc_row_inner][vc_row_inner][vc_column_inner][\/vc_column_inner][\/vc_row_inner][vc_row_inner disable_element=&#8221;yes&#8221;][vc_column_inner][\/vc_column_inner][\/vc_row_inner][vc_row_inner][vc_column_inner][vc_column_text el_class=&#8221;text-color-a&#8221; css=&#8221;.vc_custom_1565366646983{margin-bottom: ...\" \/>\n<meta property=\"og:url\" content=\"https:\/\/www.arcus.pl\/en\/investor-relations\/arcus-on-the-stock-exchange\/\" \/>\n<meta property=\"og:site_name\" content=\"Arcus\" \/>\n<meta property=\"article:publisher\" content=\"https:\/\/www.facebook.com\/ArcusSA\" \/>\n<meta property=\"article:modified_time\" content=\"2019-09-30T13:18:14+00:00\" \/>\n<meta name=\"twitter:card\" content=\"summary_large_image\" \/>\n<meta name=\"twitter:label1\" content=\"Est. reading time\" \/>\n\t<meta name=\"twitter:data1\" content=\"7 minutes\" \/>\n<script type=\"application\/ld+json\" class=\"yoast-schema-graph\">{\"@context\":\"https:\\\/\\\/schema.org\",\"@graph\":[{\"@type\":\"WebPage\",\"@id\":\"https:\\\/\\\/www.arcus.pl\\\/en\\\/investor-relations\\\/arcus-on-the-stock-exchange\\\/\",\"url\":\"https:\\\/\\\/www.arcus.pl\\\/en\\\/investor-relations\\\/arcus-on-the-stock-exchange\\\/\",\"name\":\"Arcus on The Stock Exchange - Arcus\",\"isPartOf\":{\"@id\":\"https:\\\/\\\/www.arcus.pl\\\/#website\"},\"datePublished\":\"2019-06-03T09:01:19+00:00\",\"dateModified\":\"2019-09-30T13:18:14+00:00\",\"breadcrumb\":{\"@id\":\"https:\\\/\\\/www.arcus.pl\\\/en\\\/investor-relations\\\/arcus-on-the-stock-exchange\\\/#breadcrumb\"},\"inLanguage\":\"en-US\",\"potentialAction\":[{\"@type\":\"ReadAction\",\"target\":[\"https:\\\/\\\/www.arcus.pl\\\/en\\\/investor-relations\\\/arcus-on-the-stock-exchange\\\/\"]}]},{\"@type\":\"BreadcrumbList\",\"@id\":\"https:\\\/\\\/www.arcus.pl\\\/en\\\/investor-relations\\\/arcus-on-the-stock-exchange\\\/#breadcrumb\",\"itemListElement\":[{\"@type\":\"ListItem\",\"position\":1,\"name\":\"Strona g\u0142\u00f3wna\",\"item\":\"https:\\\/\\\/www.arcus.pl\\\/en\\\/?page_id=27049\"},{\"@type\":\"ListItem\",\"position\":2,\"name\":\"Investor relations\",\"item\":\"https:\\\/\\\/www.arcus.pl\\\/en\\\/investor-relations\\\/\"},{\"@type\":\"ListItem\",\"position\":3,\"name\":\"Arcus on The Stock Exchange\"}]},{\"@type\":\"WebSite\",\"@id\":\"https:\\\/\\\/www.arcus.pl\\\/#website\",\"url\":\"https:\\\/\\\/www.arcus.pl\\\/\",\"name\":\"Arcus\",\"description\":\"Representative of Kyocera Document Solutions and Pitney Bowes in Poland\",\"publisher\":{\"@id\":\"https:\\\/\\\/www.arcus.pl\\\/#organization\"},\"potentialAction\":[{\"@type\":\"SearchAction\",\"target\":{\"@type\":\"EntryPoint\",\"urlTemplate\":\"https:\\\/\\\/www.arcus.pl\\\/?s={search_term_string}\"},\"query-input\":{\"@type\":\"PropertyValueSpecification\",\"valueRequired\":true,\"valueName\":\"search_term_string\"}}],\"inLanguage\":\"en-US\"},{\"@type\":\"Organization\",\"@id\":\"https:\\\/\\\/www.arcus.pl\\\/#organization\",\"name\":\"Arcus S.A.\",\"alternateName\":\"Arcus\",\"url\":\"https:\\\/\\\/www.arcus.pl\\\/\",\"logo\":{\"@type\":\"ImageObject\",\"inLanguage\":\"en-US\",\"@id\":\"https:\\\/\\\/www.arcus.pl\\\/#\\\/schema\\\/logo\\\/image\\\/\",\"url\":\"https:\\\/\\\/www.arcus.pl\\\/wp-content\\\/uploads\\\/2013\\\/11\\\/Arcus-logo_1.png\",\"contentUrl\":\"https:\\\/\\\/www.arcus.pl\\\/wp-content\\\/uploads\\\/2013\\\/11\\\/Arcus-logo_1.png\",\"width\":640,\"height\":475,\"caption\":\"Arcus S.A.\"},\"image\":{\"@id\":\"https:\\\/\\\/www.arcus.pl\\\/#\\\/schema\\\/logo\\\/image\\\/\"},\"sameAs\":[\"https:\\\/\\\/www.facebook.com\\\/ArcusSA\",\"https:\\\/\\\/www.linkedin.com\\\/company\\\/grupa-arcus\\\/\",\"https:\\\/\\\/www.youtube.com\\\/channel\\\/UCjZ-Es-JfkRPd7IoknEb0zA\\\/videos\",\"https:\\\/\\\/www.instagram.com\\\/arcus.sa\\\/\"]}]}<\/script>\n<!-- \/ Yoast SEO plugin. -->","yoast_head_json":{"title":"Arcus on The Stock Exchange - Arcus","robots":{"index":"index","follow":"follow","max-snippet":"max-snippet:-1","max-image-preview":"max-image-preview:large","max-video-preview":"max-video-preview:-1"},"og_locale":"en_US","og_type":"article","og_title":"Arcus on The Stock Exchange - Arcus","og_description":"[vc_row css=&#8221;.vc_custom_1551911985902{margin-bottom: 60px !important;}&#8221;][vc_column offset=&#8221;vc_col-lg-offset-1 vc_col-lg-10 vc_col-md-offset-1 vc_col-md-10&#8243;][vc_row_inner][vc_column_inner][vc_raw_html]PCEtLSBUcmFkaW5nVmlldyBXaWRnZXQgQkVHSU4gLS0+DQo8ZGl2IGNsYXNzPSJ0cmFkaW5ndmlldy13aWRnZXQtY29udGFpbmVyIj4NCiAgPGRpdiBpZD0idHJhZGluZ3ZpZXdfZjUxMDEiIHN0eWxlPSJoZWlnaHQ6IDYwMHB4OyI+PC9kaXY+DQogIDxkaXYgY2xhc3M9InRyYWRpbmd2aWV3LXdpZGdldC1jb3B5cmlnaHQiPjxhIGhyZWY9Imh0dHBzOi8vd3d3LnRyYWRpbmd2aWV3LmNvbS9zeW1ib2xzL0dQVy1BUkMvIiByZWw9Im5vb3BlbmVyIiB0YXJnZXQ9Il9ibGFuayI+PHNwYW4gY2xhc3M9ImJsdWUtdGV4dCI+QVJDIENoYXJ0PC9zcGFuPjwvYT4gYnkgVHJhZGluZ1ZpZXc8L2Rpdj4NCiAgPHNjcmlwdCB0eXBlPSJ0ZXh0L2phdmFzY3JpcHQiIHNyYz0iaHR0cHM6Ly9zMy50cmFkaW5ndmlldy5jb20vdHYuanMiPjwvc2NyaXB0Pg0KICA8c2NyaXB0IHR5cGU9InRleHQvamF2YXNjcmlwdCI+DQogIG5ldyBUcmFkaW5nVmlldy53aWRnZXQoDQogIHsNCiAgImF1dG9zaXplIjogdHJ1ZSwNCiAgInN5bWJvbCI6ICJHUFc6QVJDIiwNCiAgImludGVydmFsIjogIjEiLA0KICAidGltZXpvbmUiOiAiRXVyb3BlL1dhcnNhdyIsDQogICJ0aGVtZSI6ICJMaWdodCIsDQogICJzdHlsZSI6ICIyIiwNCiAgImxvY2FsZSI6ICJlbiIsDQogICJ0b29sYmFyX2JnIjogIiNmMWYzZjYiLA0KICAiZW5hYmxlX3B1Ymxpc2hpbmciOiBmYWxzZSwNCiAgImFsbG93X3N5bWJvbF9jaGFuZ2UiOiB0cnVlLA0KICAiY29udGFpbmVyX2lkIjogInRyYWRpbmd2aWV3X2Y1MTAxIg0KfQ0KICApOw0KICA8L3NjcmlwdD4NCjwvZGl2Pg0KPCEtLSBUcmFkaW5nVmlldyBXaWRnZXQgRU5EIC0tPg==[\/vc_raw_html][\/vc_column_inner][\/vc_row_inner][vc_row_inner][vc_column_inner][\/vc_column_inner][\/vc_row_inner][vc_row_inner disable_element=&#8221;yes&#8221;][vc_column_inner][\/vc_column_inner][\/vc_row_inner][vc_row_inner][vc_column_inner][vc_column_text el_class=&#8221;text-color-a&#8221; css=&#8221;.vc_custom_1565366646983{margin-bottom: ...","og_url":"https:\/\/www.arcus.pl\/en\/investor-relations\/arcus-on-the-stock-exchange\/","og_site_name":"Arcus","article_publisher":"https:\/\/www.facebook.com\/ArcusSA","article_modified_time":"2019-09-30T13:18:14+00:00","twitter_card":"summary_large_image","twitter_misc":{"Est. reading time":"7 minutes"},"schema":{"@context":"https:\/\/schema.org","@graph":[{"@type":"WebPage","@id":"https:\/\/www.arcus.pl\/en\/investor-relations\/arcus-on-the-stock-exchange\/","url":"https:\/\/www.arcus.pl\/en\/investor-relations\/arcus-on-the-stock-exchange\/","name":"Arcus on The Stock Exchange - Arcus","isPartOf":{"@id":"https:\/\/www.arcus.pl\/#website"},"datePublished":"2019-06-03T09:01:19+00:00","dateModified":"2019-09-30T13:18:14+00:00","breadcrumb":{"@id":"https:\/\/www.arcus.pl\/en\/investor-relations\/arcus-on-the-stock-exchange\/#breadcrumb"},"inLanguage":"en-US","potentialAction":[{"@type":"ReadAction","target":["https:\/\/www.arcus.pl\/en\/investor-relations\/arcus-on-the-stock-exchange\/"]}]},{"@type":"BreadcrumbList","@id":"https:\/\/www.arcus.pl\/en\/investor-relations\/arcus-on-the-stock-exchange\/#breadcrumb","itemListElement":[{"@type":"ListItem","position":1,"name":"Strona g\u0142\u00f3wna","item":"https:\/\/www.arcus.pl\/en\/?page_id=27049"},{"@type":"ListItem","position":2,"name":"Investor relations","item":"https:\/\/www.arcus.pl\/en\/investor-relations\/"},{"@type":"ListItem","position":3,"name":"Arcus on The Stock Exchange"}]},{"@type":"WebSite","@id":"https:\/\/www.arcus.pl\/#website","url":"https:\/\/www.arcus.pl\/","name":"Arcus","description":"Representative of Kyocera Document Solutions and Pitney Bowes in Poland","publisher":{"@id":"https:\/\/www.arcus.pl\/#organization"},"potentialAction":[{"@type":"SearchAction","target":{"@type":"EntryPoint","urlTemplate":"https:\/\/www.arcus.pl\/?s={search_term_string}"},"query-input":{"@type":"PropertyValueSpecification","valueRequired":true,"valueName":"search_term_string"}}],"inLanguage":"en-US"},{"@type":"Organization","@id":"https:\/\/www.arcus.pl\/#organization","name":"Arcus S.A.","alternateName":"Arcus","url":"https:\/\/www.arcus.pl\/","logo":{"@type":"ImageObject","inLanguage":"en-US","@id":"https:\/\/www.arcus.pl\/#\/schema\/logo\/image\/","url":"https:\/\/www.arcus.pl\/wp-content\/uploads\/2013\/11\/Arcus-logo_1.png","contentUrl":"https:\/\/www.arcus.pl\/wp-content\/uploads\/2013\/11\/Arcus-logo_1.png","width":640,"height":475,"caption":"Arcus S.A."},"image":{"@id":"https:\/\/www.arcus.pl\/#\/schema\/logo\/image\/"},"sameAs":["https:\/\/www.facebook.com\/ArcusSA","https:\/\/www.linkedin.com\/company\/grupa-arcus\/","https:\/\/www.youtube.com\/channel\/UCjZ-Es-JfkRPd7IoknEb0zA\/videos","https:\/\/www.instagram.com\/arcus.sa\/"]}]}},"_links":{"self":[{"href":"https:\/\/www.arcus.pl\/en\/wp-json\/wp\/v2\/pages\/16197","targetHints":{"allow":["GET"]}}],"collection":[{"href":"https:\/\/www.arcus.pl\/en\/wp-json\/wp\/v2\/pages"}],"about":[{"href":"https:\/\/www.arcus.pl\/en\/wp-json\/wp\/v2\/types\/page"}],"author":[{"embeddable":true,"href":"https:\/\/www.arcus.pl\/en\/wp-json\/wp\/v2\/users\/1"}],"replies":[{"embeddable":true,"href":"https:\/\/www.arcus.pl\/en\/wp-json\/wp\/v2\/comments?post=16197"}],"version-history":[{"count":13,"href":"https:\/\/www.arcus.pl\/en\/wp-json\/wp\/v2\/pages\/16197\/revisions"}],"predecessor-version":[{"id":16922,"href":"https:\/\/www.arcus.pl\/en\/wp-json\/wp\/v2\/pages\/16197\/revisions\/16922"}],"up":[{"embeddable":true,"href":"https:\/\/www.arcus.pl\/en\/wp-json\/wp\/v2\/pages\/15745"}],"wp:attachment":[{"href":"https:\/\/www.arcus.pl\/en\/wp-json\/wp\/v2\/media?parent=16197"}],"curies":[{"name":"wp","href":"https:\/\/api.w.org\/{rel}","templated":true}]}}